{"id":19,"date":"2022-12-19T12:21:45","date_gmt":"2022-12-19T11:21:45","guid":{"rendered":"http:\/\/meblomiara.pl\/index.php\/o-nas\/"},"modified":"2023-01-03T15:09:37","modified_gmt":"2023-01-03T14:09:37","slug":"o-nas","status":"publish","type":"page","link":"http:\/\/meblomiara.pl\/index.php\/o-nas\/","title":{"rendered":"Od zam\u00f3wienia do realizacji"},"content":{"rendered":"\n    \n    <section class=\"u-clearfix u-image u-shading u-section-2\" src=\"\" data-image-width=\"1920\" data-image-height=\"1281\" id=\"sec-90f3\" style=\"background-image: linear-gradient(0deg, rgba(0, 0, 0, 0.3), rgba(0, 0, 0, 0.3)), url(&quot;http:\/\/meblomiara.pl\/wp-content\/uploads\/2023\/01\/create-3532937_1920.jpg&quot;);\">\n      <div class=\"u-clearfix u-sheet u-sheet-1\">\n        <div class=\"u-clearfix u-layout-wrap u-layout-wrap-1\">\n          <div class=\"u-layout\">\n            <div class=\"u-layout-row\">\n              <div class=\"u-align-center-sm u-align-center-xs u-align-left-lg u-align-left-md u-align-left-xl u-container-style u-layout-cell u-left-cell u-opacity u-opacity-65 u-size-60 u-white u-layout-cell-1\">\n                <div class=\"u-container-layout u-container-layout-1\">\n                  <h2 class=\"u-text u-text-1\">Zobacz jak przebiega proces wsp\u00f3\u0142pracy.<br>\n                  <\/h2>\n                  <p class=\"u-text u-text-2\">Od pomiaru do realizacji...<br>\n                  <\/p>\n                <\/div>\n              <\/div>\n            <\/div>\n          <\/div>\n        <\/div>\n      <\/div>\n    <\/section>\n    <section class=\"u-clearfix u-section-3\" id=\"sec-1a18\">\n      <div class=\"u-clearfix u-sheet u-sheet-1\">\n        <div class=\"u-clearfix u-expanded-width u-gutter-10 u-layout-wrap u-layout-wrap-1\">\n          <div class=\"u-layout\">\n            <div class=\"u-layout-col\">\n              <div class=\"u-size-30\">\n                <div class=\"u-layout-row\">\n                  <div class=\"u-container-style u-image u-layout-cell u-left-cell u-size-30 u-image-1\" src=\"\" data-image-width=\"1237\" data-image-height=\"1056\" style=\"background-image: url(&quot;http:\/\/meblomiara.pl\/wp-content\/uploads\/2022\/12\/kontakt.png&quot;);\">\n                    <div class=\"u-container-layout u-valign-middle u-container-layout-1\"><\/div>\n                  <\/div>\n                  <div class=\"u-align-left u-container-style u-layout-cell u-right-cell u-size-30 u-layout-cell-2\">\n                    <div class=\"u-container-layout u-container-layout-2\">\n                      <h2 class=\"u-text u-text-1\">Kontakt<br>\n                      <\/h2>\n                      <p class=\"u-text u-text-2\">Na pocz\u0105tku musisz si\u0119 z Nami skontaktowa\u0107, opisa\u0107 swoje zapotrzebowanie i um\u00f3wi\u0107 na pomiary.<br>Preferujemy zar\u00f3wno kontakt telefoniczny jak i mailowy.<br>\n                        <br>&nbsp;Telefon: 508 354 816<br>&nbsp;E-mail: biuro@meblomiara.pl<br>\n                      <\/p>\n                    <\/div>\n                  <\/div>\n                <\/div>\n              <\/div>\n              <div class=\"u-size-30\">\n                <div class=\"u-layout-row\">\n                  <div class=\"u-align-left u-container-style u-layout-cell u-left-cell u-size-30 u-layout-cell-3\">\n                    <div class=\"u-container-layout u-container-layout-3\">\n                      <h2 class=\"u-text u-text-3\">Pomiary<br>\n                      <\/h2>\n                      <p class=\"u-text u-text-4\">Spotkamy si\u0119 w celu om\u00f3wienia wst\u0119pnych za\u0142o\u017ce\u0144 i pobrania wymiar\u00f3w - w ko\u0144cu b\u0119d\u0105 to meble na wymiar \ud83d\ude42 Om\u00f3wimy rodzaje materia\u0142\u00f3w, oku\u0107 i innych akcesorii z kt\u00f3rych b\u0119d\u0105 wykonane meble.<br>\n                      <\/p>\n                    <\/div>\n                  <\/div>\n                  <div class=\"u-container-style u-image u-layout-cell u-right-cell u-size-30 u-image-2\" src=\"\" data-image-width=\"2560\" data-image-height=\"1707\" style=\"background-image: url(&quot;http:\/\/meblomiara.pl\/wp-content\/uploads\/2022\/12\/draft-pomiary-scaled.jpg&quot;);\">\n                    <div class=\"u-container-layout u-valign-middle u-container-layout-4\"><\/div>\n                  <\/div>\n                <\/div>\n              <\/div>\n            <\/div>\n          <\/div>\n        <\/div>\n      <\/div>\n    <\/section>\n    <section class=\"u-clearfix u-section-4\" id=\"sec-37c8\">\n      <div class=\"u-clearfix u-sheet u-valign-middle-xl u-sheet-1\">\n        <div class=\"u-clearfix u-expanded-width u-gutter-10 u-layout-wrap u-layout-wrap-1\">\n          <div class=\"u-layout\">\n            <div class=\"u-layout-col\">\n              <div class=\"u-size-30\">\n                <div class=\"u-layout-row\">\n                  <div class=\"u-container-style u-image u-layout-cell u-left-cell u-size-30 u-image-1\" src=\"\" data-image-width=\"2560\" data-image-height=\"1708\" style=\"background-image: url(&quot;http:\/\/meblomiara.pl\/wp-content\/uploads\/2022\/12\/wycena-scaled.jpg&quot;);\">\n                    <div class=\"u-container-layout u-valign-middle u-container-layout-1\"><\/div>\n                  <\/div>\n                  <div class=\"u-align-left u-container-style u-layout-cell u-right-cell u-size-30 u-layout-cell-2\">\n                    <div class=\"u-container-layout u-container-layout-2\">\n                      <h2 class=\"u-text u-text-1\">Wycena<\/h2>\n                      <p class=\"u-text u-text-2\">Po wyliczeniu wszystkich koszt\u00f3w przedstawimy pe\u0142n\u0105 wycen\u0119 za realizacj\u0119 ustalonych produkt\u00f3w.<br>\n                      <\/p>\n                    <\/div>\n                  <\/div>\n                <\/div>\n              <\/div>\n              <div class=\"u-size-30\">\n                <div class=\"u-layout-row\">\n                  <div class=\"u-align-left u-container-style u-layout-cell u-left-cell u-size-30 u-layout-cell-3\">\n                    <div class=\"u-container-layout u-container-layout-3\">\n                      <h2 class=\"u-text u-text-3\">Wizualizacja i podpisanie umowy<br>\n                      <\/h2>\n                      <p class=\"u-text u-text-4\">Po akceptacji koszt\u00f3w podpiszemy umow\u0119 i przedstawimy wizualizacj\u0119 projektu. Na etapie umowy ustalamy terminy &nbsp;&nbsp; i pobieramy zaliczk\u0119 40% na poczet realizacji. <br>\n                      <\/p>\n                    <\/div>\n                  <\/div>\n                  <div class=\"u-container-style u-image u-layout-cell u-right-cell u-size-30 u-image-2\" src=\"\" data-image-width=\"2560\" data-image-height=\"1707\" style=\"background-image: url(&quot;http:\/\/meblomiara.pl\/wp-content\/uploads\/2022\/12\/projektowanie-2-scaled.jpg&quot;);\">\n                    <div class=\"u-container-layout u-valign-middle u-container-layout-4\"><\/div>\n                  <\/div>\n                <\/div>\n              <\/div>\n            <\/div>\n          <\/div>\n        <\/div>\n      <\/div>\n    <\/section>\n    <section class=\"u-clearfix u-section-5\" id=\"sec-0bfa\">\n      <div class=\"u-clearfix u-sheet u-sheet-1\">\n        <div class=\"u-clearfix u-expanded-width u-gutter-10 u-layout-wrap u-layout-wrap-1\">\n          <div class=\"u-layout\">\n            <div class=\"u-layout-col\">\n              <div class=\"u-size-30\">\n                <div class=\"u-layout-row\">\n                  <div class=\"u-container-style u-image u-layout-cell u-left-cell u-size-30 u-image-1\" src=\"\" data-image-width=\"2560\" data-image-height=\"1700\" style=\"background-image: url(&quot;http:\/\/meblomiara.pl\/wp-content\/uploads\/2022\/12\/prace-stolarskie-scaled.jpg&quot;);\">\n                    <div class=\"u-container-layout u-valign-middle u-container-layout-1\"><\/div>\n                  <\/div>\n                  <div class=\"u-align-left u-container-style u-layout-cell u-right-cell u-size-30 u-layout-cell-2\">\n                    <div class=\"u-container-layout u-container-layout-2\">\n                      <h2 class=\"u-text u-text-1\">Produkcja mebli<br>\n                      <\/h2>\n                      <p class=\"u-text u-text-2\">Od projektu do realizacji - czyli nast\u0119puje produkcja mebli. Ci\u0119\u017cka praca, ha\u0142as maszyn, wiele godzin ci\u0119cia i skr\u0119cania - to wszystko dzieje si\u0119 za zamkni\u0119tymi drzwiami Naszej pracowni. <br>\n                      <\/p>\n                    <\/div>\n                  <\/div>\n                <\/div>\n              <\/div>\n              <div class=\"u-size-30\">\n                <div class=\"u-layout-row\">\n                  <div class=\"u-align-left u-container-style u-layout-cell u-left-cell u-size-30 u-layout-cell-3\">\n                    <div class=\"u-container-layout u-container-layout-3\">\n                      <h2 class=\"u-text u-text-3\">Monta\u017c<br>\n                      <\/h2>\n                      <p class=\"u-text u-text-4\">Przyje\u017cd\u017camy z gotowymi elementami w celu monta\u017cu i regulacji mebli. W niekt\u00f3rych sytuacjach mo\u017ce si\u0119 zdarzy\u0107, \u017ce cz\u0119\u015b\u0107 prac b\u0119dziemy musieli wykona\u0107 jeszcze na miejscu docelowym.<br>\n                      <\/p>\n                    <\/div>\n                  <\/div>\n                  <div class=\"u-container-style u-image u-layout-cell u-right-cell u-size-30 u-image-2\" src=\"\" data-image-width=\"381\" data-image-height=\"570\" style=\"background-image: url(&quot;http:\/\/meblomiara.pl\/wp-content\/uploads\/2022\/12\/montaz-3.jpg&quot;);\">\n                    <div class=\"u-container-layout u-container-layout-4\"><\/div>\n                  <\/div>\n                <\/div>\n              <\/div>\n            <\/div>\n          <\/div>\n        <\/div>\n      <\/div>\n    <\/section>\n    <section class=\"u-clearfix u-section-6\" id=\"carousel_dc3c\">\n      <div class=\"u-clearfix u-sheet u-sheet-1\">\n        <div class=\"u-clearfix u-expanded-width u-gutter-10 u-layout-wrap u-layout-wrap-1\">\n          <div class=\"u-layout\">\n            <div class=\"u-layout-col\">\n              <div class=\"u-size-60\">\n                <div class=\"u-layout-row\">\n                  <div class=\"u-container-style u-image u-layout-cell u-left-cell u-size-30 u-image-1\" src=\"\" data-image-width=\"736\" data-image-height=\"492\" style=\"background-image: url(&quot;http:\/\/meblomiara.pl\/wp-content\/uploads\/2022\/12\/realziacja.jpg&quot;);\">\n                    <div class=\"u-container-layout u-valign-middle u-container-layout-1\"><\/div>\n                  <\/div>\n                  <div class=\"u-align-left u-container-style u-layout-cell u-right-cell u-size-30 u-layout-cell-2\">\n                    <div class=\"u-container-layout u-container-layout-2\">\n                      <h2 class=\"u-text u-text-1\">Finalizacja zam\u00f3wienia<br>\n                      <\/h2>\n                      <p class=\"u-text u-text-2\">Zako\u0144czenie realizacji, potwierdzenie odbioru przez Klienta i rozliczenie p\u0142atno\u015bci.<br>\n                      <\/p>\n                    <\/div>\n                  <\/div>\n                <\/div>\n              <\/div>\n            <\/div>\n          <\/div>\n        <\/div>\n      <\/div>\n    <\/section>\n    \n    \n    \n  \n","protected":false},"excerpt":{"rendered":"<p>Zobacz jak przebiega proces wsp\u00f3\u0142pracy. Od pomiaru do realizacji&#8230; Kontakt Na pocz\u0105tku musisz si\u0119 z Nami skontaktowa\u0107, opisa\u0107 swoje zapotrzebowanie i um\u00f3wi\u0107 na pomiary.Preferujemy zar\u00f3wno kontakt telefoniczny jak i mailowy. &nbsp;Telefon: 508 354 816&nbsp;E-mail: biuro@meblomiara.pl Pomiary Spotkamy si\u0119 w celu om\u00f3wienia wst\u0119pnych za\u0142o\u017ce\u0144 i pobrania wymiar\u00f3w &#8211; w ko\u0144cu b\u0119d\u0105 to meble na wymiar \ud83d\ude42 &hellip; <a href=\"http:\/\/meblomiara.pl\/index.php\/o-nas\/\" class=\"more-link\">Continue reading<span class=\"screen-reader-text\"> &#8222;Od zam\u00f3wienia do realizacji&#8221;<\/span><\/a><\/p>\n","protected":false},"author":1,"featured_media":0,"parent":0,"menu_order":2,"comment_status":"closed","ping_status":"closed","template":"","meta":{"footnotes":""},"class_list":["post-19","page","type-page","status-publish","hentry"],"_links":{"self":[{"href":"http:\/\/meblomiara.pl\/index.php\/wp-json\/wp\/v2\/pages\/19","targetHints":{"allow":["GET"]}}],"collection":[{"href":"http:\/\/meblomiara.pl\/index.php\/wp-json\/wp\/v2\/pages"}],"about":[{"href":"http:\/\/meblomiara.pl\/index.php\/wp-json\/wp\/v2\/types\/page"}],"author":[{"embeddable":true,"href":"http:\/\/meblomiara.pl\/index.php\/wp-json\/wp\/v2\/users\/1"}],"replies":[{"embeddable":true,"href":"http:\/\/meblomiara.pl\/index.php\/wp-json\/wp\/v2\/comments?post=19"}],"version-history":[{"count":11,"href":"http:\/\/meblomiara.pl\/index.php\/wp-json\/wp\/v2\/pages\/19\/revisions"}],"predecessor-version":[{"id":154,"href":"http:\/\/meblomiara.pl\/index.php\/wp-json\/wp\/v2\/pages\/19\/revisions\/154"}],"wp:attachment":[{"href":"http:\/\/meblomiara.pl\/index.php\/wp-json\/wp\/v2\/media?parent=19"}],"curies":[{"name":"wp","href":"https:\/\/api.w.org\/{rel}","templated":true}]}}