{"id":18,"date":"2022-12-19T12:21:44","date_gmt":"2022-12-19T11:21:44","guid":{"rendered":"http:\/\/meblomiara.pl\/index.php\/kontakt\/"},"modified":"2023-01-19T11:47:57","modified_gmt":"2023-01-19T10:47:57","slug":"kontakt","status":"publish","type":"page","link":"http:\/\/meblomiara.pl\/index.php\/kontakt\/","title":{"rendered":"Kontakt"},"content":{"rendered":"\n    \n    <section class=\"u-clearfix u-container-align-center u-white u-section-2\" id=\"carousel_c316\">\n      <div class=\"u-clearfix u-sheet u-valign-middle u-sheet-1\">\n        <div class=\"u-clearfix u-layout-wrap u-layout-wrap-1\">\n          <div class=\"u-layout\">\n            <div class=\"u-layout-row\">\n              <div class=\"u-container-style u-image u-image-default u-layout-cell u-shading u-size-33-lg u-size-33-xl u-size-60-md u-size-60-sm u-size-60-xs u-image-1\" data-image-width=\"2560\" data-image-height=\"1707\" style=\"background-image: linear-gradient(0deg, rgba(0, 0, 0, 0.05), rgba(0, 0, 0, 0.05)), url(&quot;http:\/\/meblomiara.pl\/wp-content\/uploads\/2022\/12\/draft-pomiary-scaled.jpg&quot;);\">\n                <div class=\"u-container-layout u-container-layout-1\"><\/div>\n              <\/div>\n              <div class=\"u-align-left u-container-align-center u-container-style u-layout-cell u-size-27-lg u-size-27-xl u-size-60-md u-size-60-sm u-size-60-xs u-layout-cell-2\" data-animation-name=\"fadeIn\" data-animation-duration=\"1500\" data-animation-direction=\"Right\" data-animation-delay=\"500\">\n                <div class=\"u-container-layout u-container-layout-2\">\n                  <h4 class=\"u-align-center u-text u-text-1\">Formularz kontaktowy<br>\n                  <\/h4>\n                  <div class=\"u-expanded-width u-form u-form-1\">\n                    <form action=\"https:\/\/forms.nicepagesrv.com\/Form\/Process\" class=\"u-clearfix u-form-spacing-15 u-form-vertical u-inner-form\" style=\"padding: 0;\" source=\"email\" name=\"form\">\n                      <div class=\"u-form-group u-form-name u-label-top\">\n                        <label for=\"name-daf4\" class=\"u-label\"> Imi\u0119 i nazwisko<\/label>\n                        <input type=\"text\" placeholder=\"Wpisz swoje imi\u0119 i nazwisko\" id=\"name-daf4\" name=\"name\" class=\"u-border-2 u-border-grey-25 u-border-no-left u-border-no-right u-border-no-top u-input u-input-rectangle\" required=\"\">\n                      <\/div>\n                      <div class=\"u-form-email u-form-group u-label-top\">\n                        <label for=\"email-daf4\" class=\"u-label\">Email<\/label>\n                        <input type=\"email\" placeholder=\"Wpisz sw\u00f3j adres email\" id=\"email-daf4\" name=\"email\" class=\"u-border-2 u-border-grey-25 u-border-no-left u-border-no-right u-border-no-top u-input u-input-rectangle\" required=\"\">\n                      <\/div>\n                      <div class=\"u-form-group u-form-message u-label-top\">\n                        <label for=\"message-daf4\" class=\"u-label\">Wiadomo\u015b\u0107<\/label>\n                        <textarea placeholder=\"\" rows=\"4\" cols=\"50\" id=\"message-daf4\" name=\"message\" class=\"u-border-2 u-border-grey-25 u-border-no-left u-border-no-right u-border-no-top u-input u-input-rectangle\" required=\"\"><\/textarea>\n                      <\/div>\n                      <div class=\"u-align-left u-form-group u-form-submit u-label-top\">\n                        <a href=\"#\" class=\"u-btn u-btn-submit u-button-style u-hover-palette-1-dark-1 u-palette-1-base u-btn-1\">WY\u015aLIJ<\/a>\n                        <input type=\"submit\" value=\"submit\" class=\"u-form-control-hidden\">\n                      <\/div>\n                      <div class=\"u-form-send-message u-form-send-success\"> Thank you! Your message has been sent. <\/div>\n                      <div class=\"u-form-send-error u-form-send-message\"> Unable to send your message. Please fix errors then try again. <\/div>\n                      <input type=\"hidden\" value=\"\" name=\"recaptchaResponse\">\n                      <input type=\"hidden\" name=\"formServices\" value=\"b20a1cf5010b9eb33561663cab2767c1\">\n                    <\/form>\n                  <\/div>\n                <\/div>\n              <\/div>\n            <\/div>\n          <\/div>\n        <\/div>\n        <div class=\"u-expanded-width u-list u-list-1\">\n          <div class=\"u-repeater u-repeater-1\">\n            <div class=\"u-align-left u-container-style u-list-item u-palette-1-base u-repeater-item u-shape-rectangle u-list-item-1\" data-animation-name=\"bounceIn\" data-animation-duration=\"1500\" data-animation-direction=\"Right\" data-animation-delay=\"500\">\n              <div class=\"u-container-layout u-similar-container u-valign-bottom u-container-layout-3\">\n                <h5 class=\"u-text u-text-2\"><span class=\"u-file-icon u-icon u-text-white\"><img decoding=\"async\" src=\"data:image\/png;base64,iVBORw0KGgoAAAANSUhEUgAAAIAAAACACAYAAADDPmHLAAAAAXNSR0IArs4c6QAABIZJREFUeF7t3eGu2yAMhuHl\/i+6UyPlKE3SYsAG27z7MU0aI4XvqSGk69n+Kf96vV4vSZfbtm2SdrSxnQG1EKTBX4cDBNuAS72rAGgN\/\/zigFCKyubvuwFohH8MDQQ2If\/qtQuAZvggGB\/++4rNACzCB8F4BE0ALMMHwVgE1QBGhA+CcQiqAIwMHwRjEIgBzAgfBPYIRABmhg8CWwRFAB7CB4Edgp8APIUPAhsEXwF4DB8E+ggeAXgOHwS6CG4AIoQPAj0EHwAihQ8CHQR\/ACKGD4J+BCkA7E+1+IRRk4YdQOR3\/3nUIKg3kAoAlQAA+wxQCeQQtizl\/zpkEMgQAEA2T2lbpQXAUiAzCwDZPKVtBYC00coGlhoAy0AZAQDKc5S6BQBSx1seHADKc5S6BQBSx1seHADKc5S6RWoAHAeX7QKgPEepWwAgdbzlwaX7PMAxZMp\/Ofz9oOz9W7ZHwoQvCz8lAMKXh58OAOHXhf8HIMMyQPj14acAQPBtwf9tlo8\/RNsIEnxf8DcAUZYBgtcJPiQAwtcN\/2MP4L0CEL5++DcAnhEAYGEAhG8TfpgKAICBALwtA4RvF\/5jBQCA7YR76939t4RRAWzJAMB2ft337v6LIqkAtoYAYDu\/7nt3\/13BVABbQ+4B7LcqfAOYmYIiAA+3hQAwy1\/2Q6M8fFYABDYIRBWAKmAz+R56BYCHFCa+BjEAqsDElAwvXQUABIZJTOoaAJMm3stlqwFQBbxEp\/M6mgDMRsAtoU74+yFba1ezzwZA0Jrc579rBjC7CnBEDACeESgY6KoAVAGFBCZ30Q0ABJMT7Ly8CgAQdKYw8Z+nARBtU1i6ixp1l6MGwEMViICgFPy1GFhDUAUAgu+1vDb4URDUAYDgjqA3\/KNHi2qQFoCX5UArfCsEJgC8VAEPCLQBaI\/JDAAIbL+AU2s5MAWwOgKLd\/95h6GBYBkAVmvot32\/dfha4zEH4KkKaE2a5OBuFIDePcEQAKshGBl+L+phADwi6H33PFWCGeH3IBgKwCsCLQgzw29FMByAZwQ9EDyE34JgCgDvCGoheAq\/FsE0ABEQ\/JpMj6Ff9ySSc4KpACIhkNz6eWxTQjAdAAjs2fxC4AIACOYhAID93Lu5wlMlcAOAKjDGyRWBKwAgGI\/AHYBjCiLcZo2Jy+YqRyVwC4BqYBP89WzDNQAQ2CNwDwAExghsu9frnT2B3lyeewpRAdgY2oT\/7jUUAJYDfQjhAIBAF0FIACDQQxAWAAh0EIQGwOawH0EKAFSDdghpAICgDUEqACwJdQjeD4RSAqAayCCkBgCC3whCPA6WOS634jnCfY6WAkA1+ARwXvrT7gGe6gKV4P4zGJcCsPpdgvtPBZdXc70Wq1WDb3d8S1aAM6MVIIT4n0F67+22nrJCKJ31LF8BMleDUvjvsQPgoWBkqAaS8AFQWC2iQpCGDwDhdiEShJrwASAEEOX8oDZ8AFQC8AyhJXwANALwBqE1fAB0AvAAoSd8ACgBmHWW0Bs+AAwAjMCgEfzxOjkIMkagBUIz9PNr+g8mF0B3A7oPWQAAAABJRU5ErkJggg==\" alt=\"\"><\/span> kontakt<br>\n                <\/h5>\n                <p class=\"u-text u-text-3\">508 354 816<br>biuro@meblomiara.pl<br>\n                <\/p>\n              <\/div>\n            <\/div>\n            <div class=\"u-align-left u-container-style u-list-item u-palette-1-base u-repeater-item u-shape-rectangle u-list-item-2\" data-animation-name=\"bounceIn\" data-animation-duration=\"1500\" data-animation-direction=\"Right\" data-animation-delay=\"500\">\n              <div class=\"u-container-layout u-similar-container u-valign-bottom u-container-layout-4\">\n                <h5 class=\"u-text u-text-4\"><span class=\"u-file-icon u-icon u-text-white\"><img decoding=\"async\" src=\"data:image\/png;base64,iVBORw0KGgoAAAANSUhEUgAAAIAAAACACAYAAADDPmHLAAAAAXNSR0IArs4c6QAABJhJREFUeF7tndF2m0AMROP\/\/2j3OI2b1AGzsBppRjt5DWCkubq74J709tH4536\/3yPKu91ut4jrMF6jVWFRgR8F1QkIeQCyQt+DQh0GWQCqg38FQhUEOQDYglcHQQYA9uBVQaAHQC14NRCoAVAP\/wkD8\/6AFoAu4bNDQAdAt+DZlwQqALqHz2gDGgBWCZ8NAgoAVgufCYJyAFYNnwWCUgBWD58BAgNw9NVfwu8r3xOUAeDp\/5+sKghKAHD421qpgCAdAIf\/fk3JhsAAJKzxZz6iNQCe\/jEUMiFIM4DDHws\/+9FwKQBGJ4sB1tF7PYfV76NTAKhs6Gwjle99BI62AMwG\/9q8ChCia9gCAg5AduPQTetWTysA0OE\/JygTAnRNbQBAN6pqSUDXBQUga1LQTdrbTHWoTx6AqvAzlwNkjdIAIBsz8giVBQGyThgAGXpENoYJgMe9oGqVBQDVkDPB\/zwWDTyqXgNwNfGX8wxAYkNQ0zDLAhICVM2SBkA1wwDMduDrfMVJCCr9Q612iAHUmhAV\/uM6arUbgMj0DcDfbqpNQSQDarVLGYB185f1RRGifgMQOf7gTbABEPmLnahlwAAYgHBjh18QuQlETABgBYBtghH1GwAAAV4Cgv5K9+a\/YiVfBlDho74SljIAqgmREjAAfhEU8n8UZNnPBogcf0H4IQAgnwSYlwE1\/X\/2MngA\/l1OsRmzvVCsWRIARgsgw0fWawBmxx78\/v95e4iXQLJLALopZ5lAT7+kAdAbQRYIlMOHGiALAOR0HJkgI3x0fbA9QCYA6CZtgZAVPro2KABdIegSPnwJyAYAPS0d64EboKJpCBAypz5zg9sWgKgmVgQfde9Hm9iUJeB5E5WNvGIEtfsdCXvrmBQDVC0DV5vCcB7qzd9rbWkAGIJxrLLCT10CDIAB+OxA9do6HkPNkZnTn24AA3AMVXsADME+BNnhlxjAABgA7wU2GKiY\/jID2AK\/CVgOAEPwDUFV+KUGeJa\/+mNhZfgG4PipDH7E8gCsvBRUh09hAAMAl8zbD0j9Mujdnay2F2CYfhoDrGgBA7Chg1UswBI+lQFWsoABeLMZ6G4BpvDpDND95RBb+AYg+QnMAJxoeLelgDF8WgN03BAagBPT320vwBo+tQE6WcAAXJj+LhZgDp\/eAB0sYAAmpl\/dAuzhSxhAFQKF8A1AgJ32LmEAAM1VeTmkEr6UAZQ2hAYAMP0qewGl8OUMoGABAwCcfnYLqIUvaQBmCxiAhOlntYBi+LIGYINANXwDEGQsAxDUyCuXqX45pBy+vAEYNoQG4MrYBp9TZQH18FsYoNICBiB4kmcul22BDuG3MUCFBQzAzLiCzs2yQJfwWxkg0wIGADTBEZdFW6BT+O0MgH5F3C18A3BSOQbgZMMqD49eCjqG39YAiA2hAagc54ufHWWBruG3NkCkBQzAxQlkOG3WAp3Db2+ACAsYAIYxnryHqxboHv4SBrj6cmiF8A3AG7MYgEntMp4+uhSsEv5SBjizITQAjOMbdE9HFlgp\/OUMMGIBAxA0acyX2bPAauEvaYC9x8IVw3\/04g+DhaSf6cOtvAAAAABJRU5ErkJggg==\" alt=\"\"><\/span> Lokalizacja\n                <\/h5>\n                <p class=\"u-text u-text-5\">MebloMiara.pl<br>ul. Traugutta 21, 61-514 Pozna\u0144<br>\n                <\/p>\n              <\/div>\n            <\/div>\n            <div class=\"u-align-left u-container-style u-list-item u-palette-1-base u-repeater-item u-shape-rectangle u-list-item-3\" data-animation-name=\"bounceIn\" data-animation-duration=\"1500\" data-animation-direction=\"Right\" data-animation-delay=\"500\">\n              <div class=\"u-container-layout u-similar-container u-valign-bottom u-container-layout-5\">\n                <h5 class=\"u-text u-text-6\"><span class=\"u-file-icon u-icon u-text-white\"><img decoding=\"async\" src=\"data:image\/png;base64,iVBORw0KGgoAAAANSUhEUgAAAIAAAACACAYAAADDPmHLAAAAAXNSR0IArs4c6QAABLBJREFUeF7tnduS6yAMBE\/+\/6NzKsk6F19AAiSEZvY1tsuo24OMk\/XtX7K\/+\/1+txzS7Xa7WR7f+9jLD8YaeA3I6kIsJ8Bs4NmEWEKA6NCvpFghHUILsCr4vRCRRQgpQBbwK4gQSoCs4COLEEIAFPARRZgqACr4SCJMEYDgz+8bZjSL7gIQfnklwVsCNwEIvraE9Pu5lwguAhC+Dv62tYcE5gIQfht8LwnMBCD4PvBedwomAhD+WPiWaTBcAMK3gW8lwVABCN8WvoUEwwQgfB\/4oyUYIgDh+8IfKUG3AIQ\/B\/4oCboEIPy58EdI0CwA4ceA3ysBBYjFsflsWpeNmwTg1d\/MyXTHFgnUAhC+KcPug2slUAlA+N18XA6gkQBagK1Q2cQ2ESBTka4KhDDGw1NGSSYhFQZprA\/2oikAqShIYxUJgFaQR1GQxlxNAKRibNMh0piLAmQqxDPuhP\/cAWncFOCkC6YAyeZB7QOTbAKU0u8yAZCKsA8BpLGfCpCxAMg9QCkBKQBAD6ASIOvVzwR4abC\/EzokAAXItRB0WPvf3Qr\/CJAZPhPgo8J3ClAAoB7grBegABTgVYHs8c8p4Nf0bRp4JwAF+BQIqRYUAHAK+E5DCkABMOZ\/9gBH0x99wDMBEOY8CkABYL8QcjLLvZeFmQCgPcCWiDeU+OcUcJ4DFAA4AZ4XBRPgaABUTaAGC\/qt4KsmkAlwURmoiwJqsEyAg\/LsAdgE2r5qtTT\/eH+G+ssg9gB\/FaAAJ8vB7AF4G2j6tm3vmC\/GHZtANoESIaFSEWqwTAAmABPgtwJcBwBfDaQAhUhAmB6hBNB8J2DzIrsEFEDQFGSWAE6AlhR47JNVAkgBKMEn9mAFoAQvCaAFoAQU4HUVCFcIv\/vFLD0BfAJsUFElgPphSO2OD00CuN8G1gRAmw4owIURKElAAQqRgCDBW4DMK12S2L\/aJrMEkP8jqEWGrBJQAIUNGSWgAAoBMt4dHARgH1A3IksSwP6r2Dri+hYZJKAAdc7FLVaX4FIATgNyM1aVAPp9AXK8si1XlKAqAFNABn\/Fp4hnwkK9M0iHVr71KkkgFoApIIe\/ShJcSQr13kA9Vt0e2iTw\/FaRWgCmgA5+SxJ4CVASE+rdwW1I9XtJkyC8AEwBPXxNEngIUJOxmAAUoF2A2gMkD\/i1c3h+Lhmi18lKzmXFbfZXoVc9a1c\/BVjRJsU5DxOAU4Gi6kE2lcAXJ8A2Jq\/oClLDZU9DCp8CLIu4fOJmAnAqiG+MBr46ATgVxBZAC79ZACZBPBFa4FOAeBybz8hdAKZAM6vhO7bC70oA9gPDOTYdsAf+EAGYBE3chuzUC3+YAJRgCE\/VQUbAHyoAJVDx69p4FPzhAlCCLq6inUfCNxGAEog4Nm00Gr6ZAJSgiW9xJwv4pgLwNnGMBFbgt7MTfSOodyh8jNxWQWv4LgnAJIgL31UAiiATweOq\/z4TlylgP3ROCecyeMOfkgDfQ6cIr2rMAO\/aBNbCD1WEmeBDCYDWH0QAH1KA7CJEAh9agGwiRAS\/hACrixAZ\/FICrHTnsAL06esAtbsCzeez7yBWA76v7ZSFIA3glm2tpFgd9lkt\/wO\/kBxObkZ\/8AAAAABJRU5ErkJggg==\" alt=\"\"><\/span> Godziny pracy<br>\n                <\/h5>\n                <p class=\"u-text u-text-7\">Od \u015bwitu do zmierzchu \ud83d\ude42<br>\n                  <br>\n                <\/p>\n              <\/div>\n            <\/div>\n          <\/div>\n        <\/div>\n      <\/div>\n    <\/section>\n    \n    \n    \n  \n","protected":false},"excerpt":{"rendered":"<p>Formularz kontaktowy Imi\u0119 i nazwisko Email Wiadomo\u015b\u0107 WY\u015aLIJ Thank you! Your message has been sent. Unable to send your message. Please fix errors then try again. kontakt 508 354 816biuro@meblomiara.pl Lokalizacja MebloMiara.plul. Traugutta 21, 61-514 Pozna\u0144 Godziny pracy Od \u015bwitu do zmierzchu \ud83d\ude42<\/p>\n","protected":false},"author":1,"featured_media":0,"parent":0,"menu_order":1,"comment_status":"closed","ping_status":"closed","template":"","meta":{"footnotes":""},"class_list":["post-18","page","type-page","status-publish","hentry"],"_links":{"self":[{"href":"http:\/\/meblomiara.pl\/index.php\/wp-json\/wp\/v2\/pages\/18","targetHints":{"allow":["GET"]}}],"collection":[{"href":"http:\/\/meblomiara.pl\/index.php\/wp-json\/wp\/v2\/pages"}],"about":[{"href":"http:\/\/meblomiara.pl\/index.php\/wp-json\/wp\/v2\/types\/page"}],"author":[{"embeddable":true,"href":"http:\/\/meblomiara.pl\/index.php\/wp-json\/wp\/v2\/users\/1"}],"replies":[{"embeddable":true,"href":"http:\/\/meblomiara.pl\/index.php\/wp-json\/wp\/v2\/comments?post=18"}],"version-history":[{"count":3,"href":"http:\/\/meblomiara.pl\/index.php\/wp-json\/wp\/v2\/pages\/18\/revisions"}],"predecessor-version":[{"id":176,"href":"http:\/\/meblomiara.pl\/index.php\/wp-json\/wp\/v2\/pages\/18\/revisions\/176"}],"wp:attachment":[{"href":"http:\/\/meblomiara.pl\/index.php\/wp-json\/wp\/v2\/media?parent=18"}],"curies":[{"name":"wp","href":"https:\/\/api.w.org\/{rel}","templated":true}]}}